{"id":14473,"date":"2023-11-27T06:05:10","date_gmt":"2023-11-27T06:05:10","guid":{"rendered":"http:\/\/serdarsuhagokcesigorta.com.tr\/?page_id=14473"},"modified":"2023-11-27T06:17:29","modified_gmt":"2023-11-27T06:17:29","slug":"veri-guvenligi","status":"publish","type":"page","link":"https:\/\/serdarsuhagokcesigorta.com.tr\/?page_id=14473","title":{"rendered":"Veri G\u00fcvenli\u011fi"},"content":{"rendered":"\t\t<div data-elementor-type=\"wp-page\" data-elementor-id=\"14473\" class=\"elementor elementor-14473\" data-elementor-post-type=\"page\">\n\t\t\t\t<div class=\"elementor-element elementor-element-b55d636 e-flex e-con-boxed e-con e-parent\" data-id=\"b55d636\" data-element_type=\"container\" data-settings=\"{&quot;tmea_shape_divider_top&quot;:&quot;none&quot;,&quot;tmea_shape_divider_bottom&quot;:&quot;none&quot;}\">\n\t\t\t\t\t<div class=\"e-con-inner\">\n\t\t\n\t\t<div class=\"elementor-element elementor-element-b150e66 elementor-widget elementor-widget-heading\" data-id=\"b150e66\" data-element_type=\"widget\" data-widget_type=\"heading.default\">\n\t\t\t\t<div class=\"elementor-widget-container\">\n\t\t\t<style>\/*! elementor - v3.21.0 - 24-04-2024 *\/\n.elementor-heading-title{padding:0;margin:0;line-height:1}.elementor-widget-heading .elementor-heading-title[class*=elementor-size-]>a{color:inherit;font-size:inherit;line-height:inherit}.elementor-widget-heading .elementor-heading-title.elementor-size-small{font-size:15px}.elementor-widget-heading .elementor-heading-title.elementor-size-medium{font-size:19px}.elementor-widget-heading .elementor-heading-title.elementor-size-large{font-size:29px}.elementor-widget-heading .elementor-heading-title.elementor-size-xl{font-size:39px}.elementor-widget-heading .elementor-heading-title.elementor-size-xxl{font-size:59px}<\/style><h2 class=\"elementor-heading-title elementor-size-default\">Veri G\u00fcvenli\u011fi<\/h2>\t\t<\/div>\n\t\t\t\t<\/div>\n\t\t\t\t<div class=\"elementor-element elementor-element-0d98b5e elementor-widget elementor-widget-text-editor\" data-id=\"0d98b5e\" data-element_type=\"widget\" data-widget_type=\"text-editor.default\">\n\t\t\t\t<div class=\"elementor-widget-container\">\n\t\t\t<style>\/*! elementor - v3.21.0 - 24-04-2024 *\/\n.elementor-widget-text-editor.elementor-drop-cap-view-stacked .elementor-drop-cap{background-color:#69727d;color:#fff}.elementor-widget-text-editor.elementor-drop-cap-view-framed .elementor-drop-cap{color:#69727d;border:3px solid;background-color:transparent}.elementor-widget-text-editor:not(.elementor-drop-cap-view-default) .elementor-drop-cap{margin-top:8px}.elementor-widget-text-editor:not(.elementor-drop-cap-view-default) .elementor-drop-cap-letter{width:1em;height:1em}.elementor-widget-text-editor .elementor-drop-cap{float:left;text-align:center;line-height:1;font-size:50px}.elementor-widget-text-editor .elementor-drop-cap-letter{display:inline-block}<\/style>\t\t\t\t<h5><b>1- \u015eartlar &amp; Ko\u015fullar<\/b><\/h5>\n<p><span style=\"font-weight: 400;\">Sevgili ziyaret\u00e7imiz, l\u00fctfen https:\/\/serdarsuhagokcesigorta.com.tr web sitemizi ziyaret etmeden \u00f6nce i\u015fbu kullan\u0131m ko\u015fullar\u0131 s\u00f6zle\u015fmesini dikkatlice okuyunuz. Siteye eri\u015fiminiz tamamen bu s\u00f6zle\u015fmeyi kabul\u00fcn\u00fcze ve bu s\u00f6zle\u015fme ile belirlenen \u015fartlara uyman\u0131za ba\u011fl\u0131d\u0131r. \u015eayet bu s\u00f6zle\u015fmede yazan herhangi bir ko\u015fulu kabul etmiyorsan\u0131z, l\u00fctfen siteye eri\u015fiminizi sonland\u0131r\u0131n\u0131z. Siteye eri\u015fiminizi s\u00fcrd\u00fcrd\u00fc\u011f\u00fcn\u00fcz takdirde, ko\u015fulsuz ve k\u0131s\u0131tlamas\u0131z olarak, veri g\u00fcvenli\u011fi sekmesinde belirlenen \u015fartlar\u0131n tamam\u0131n\u0131 kabul etti\u011finizin, taraf\u0131m\u0131zca varsay\u0131laca\u011f\u0131n\u0131 l\u00fctfen unutmay\u0131n\u0131z.<\/span><\/p>\n<p><span style=\"font-weight: 400;\">&nbsp;https:\/\/serdarsuhagokcesigorta.com.tr web sitesi Serdar Suha G\u00f6k\u00e7e Sigorta taraf\u0131ndan y\u00f6netilmekte olup, bundan sonra S\u0130TE olarak an\u0131lacakt\u0131r. \u0130\u015fbu siteye ili\u015fkin Kullan\u0131m Ko\u015fullar\u0131, yay\u0131nlanmakla y\u00fcr\u00fcrl\u00fc\u011fe girer. De\u011fi\u015fiklik yapma hakk\u0131, tek tarafl\u0131 olarak S\u0130TE\u2019ye aittir ve S\u0130TE \u00fczerinden g\u00fcncel olarak payla\u015f\u0131lacak olan bu de\u011fi\u015fiklikleri, t\u00fcm kullan\u0131c\u0131lar\u0131m\u0131z ba\u015ftan kabul etmi\u015f say\u0131l\u0131r.<\/span><\/p>\n<h5><b>2-Gizlilik<\/b><\/h5>\n<p><span style=\"font-weight: 400;\">Gizlilik, KVKK sayfam\u0131zda, ki\u015fisel verilerinizin taraf\u0131m\u0131zca i\u015flenmesinin esaslar\u0131n\u0131 d\u00fczenlemek \u00fczere mevcuttur. S\u0130TE\u2019yi kulland\u0131\u011f\u0131n\u0131z takdirde, bu verilerin i\u015flenmesinin gizlilik politikas\u0131na uygun olarak ger\u00e7ekle\u015fti\u011fini kabul edersiniz.<\/span><\/p>\n<h5><b>Hizmet Kapsam\u0131<\/b><\/h5>\n<p><span style=\"font-weight: 400;\">Serdar Suha G\u00f6k\u00e7e Sigorta olarak, sunaca\u011f\u0131m\u0131z hizmetlerin kapsam\u0131n\u0131 ve niteli\u011fini, yasalar \u00e7er\u00e7evesinde belirlemekte tamamen serbest olup; hizmetlere ili\u015fkin yapaca\u011f\u0131m\u0131z de\u011fi\u015fiklikler, S\u0130TE\u2019de yay\u0131nlanmakla y\u00fcr\u00fcrl\u00fc\u011fe girmi\u015f say\u0131lacakt\u0131r.<\/span><\/p>\n<h5><b>Telif Haklar\u0131<\/b><\/h5>\n<p><span style=\"font-weight: 400;\">S\u0130TE\u2019de yay\u0131nlanan t\u00fcm metin, kod, grafikler, logolar, resimler, ses dosyalar\u0131 ve kullan\u0131lan yaz\u0131l\u0131m\u0131n sahibi (bundan b\u00f6yle ve daha sonra \u201ci\u00e7erik\u201d olarak an\u0131lacakt\u0131r) Serdar Suha G\u00f6k\u00e7e Sigorta olup, t\u00fcm haklar\u0131 sakl\u0131d\u0131r. Yaz\u0131l\u0131 izin olmaks\u0131z\u0131n site i\u00e7eri\u011finin \u00e7o\u011falt\u0131lmas\u0131 veya kopyalanmas\u0131 kesinlikle yasakt\u0131r.<\/span><\/p>\n<h5><b>Genel H\u00fck\u00fcmler<\/b><\/h5>\n<ul>\n<li style=\"font-weight: 400;\" aria-level=\"1\"><span style=\"font-weight: 400;\">Kullan\u0131c\u0131lar\u0131n tamam\u0131, S\u0130TE\u2019yi yaln\u0131zca hukuka uygun ve \u015fahsi ama\u00e7larla kullanacaklar\u0131n\u0131 ve \u00fc\u00e7\u00fcnc\u00fc ki\u015finin haklar\u0131na tecav\u00fcz te\u015fkil edecek nitelikteki herhangi bir faaliyette bulunmayaca\u011f\u0131n\u0131 taahh\u00fct eder. S\u0130TE d\u00e2hilinde yapt\u0131klar\u0131 i\u015flem ve eylemlerindeki, hukuki ve cezai sorumluluklar\u0131 kendilerine aittir. \u0130\u015fbu i\u015f ve eylemler sebebiyle, \u00fc\u00e7\u00fcnc\u00fc ki\u015filerin u\u011frad\u0131klar\u0131 veya u\u011frayabilecekleri zararlardan dolay\u0131 S\u0130TE\u2019nin do\u011frudan ve\/veya dolayl\u0131 hi\u00e7bir sorumlulu\u011fu yoktur.<\/span><\/li>\n<li style=\"font-weight: 400;\" aria-level=\"1\"><span style=\"font-weight: 400;\">S\u0130TE\u2019de mevcut bilgilerin do\u011fruluk ve g\u00fcncelli\u011fini sa\u011flamak i\u00e7in elimizden geleni yapmaktay\u0131z. Lakin g\u00f6sterdi\u011fimiz \u00e7abaya ra\u011fmen, bu bilgiler, fiili de\u011fi\u015fikliklerin gerisinde kalabilir, birtak\u0131m farkl\u0131l\u0131klar olabilir. Bu sebeple, site i\u00e7erisinde yer alan bilgilerin do\u011frulu\u011fu ve g\u00fcncelli\u011fi ile ilgili taraf\u0131m\u0131zca, a\u00e7\u0131k veya z\u0131mni, herhangi bir garanti verilmemekte, hi\u00e7bir taahh\u00fctte bulunulmamaktad\u0131r.<\/span><\/li>\n<li style=\"font-weight: 400;\" aria-level=\"1\"><span style=\"font-weight: 400;\">S\u0130TE\u2019de \u00fc\u00e7\u00fcnc\u00fc \u015fah\u0131slar taraf\u0131ndan i\u015fletilen ve i\u00e7erikleri taraf\u0131m\u0131zca bilinmeyen di\u011fer web sitelerine, uygulamalara ve platformlara k\u00f6pr\u00fcler (hyperlink) bulunabilir. S\u0130TE, i\u015flevsellik yaln\u0131zca bu sitelere ula\u015f\u0131m\u0131 sa\u011flamakta olup, i\u00e7erikleri ile ilgili hi\u00e7bir sorumluluk kabul etmemekteyiz.<\/span><\/li>\n<li style=\"font-weight: 400;\" aria-level=\"1\"><span style=\"font-weight: 400;\">S\u0130TE\u2019yi vir\u00fcslerden temizlenmi\u015f tutmak konusunda elimizden geleni yapsakta, vir\u00fcslerin tamamen bulunmad\u0131\u011f\u0131 garantisini vermemekteyiz. Bu nedenle veri indirirken, vir\u00fcslere kar\u015f\u0131 gerekli \u00f6nlemi almak, kullan\u0131c\u0131lar\u0131n sorumlulu\u011fundad\u0131r. Vir\u00fcs vb. k\u00f6t\u00fc ama\u00e7l\u0131 programlar, kodlar veya materyallerin sebep olabilece\u011fi zararlardan dolay\u0131 sorumluluk kabul etmemekteyiz.<\/span><\/li>\n<li style=\"font-weight: 400;\" aria-level=\"1\"><span style=\"font-weight: 400;\">S\u0130TE\u2019de sunulan hizmetlerde, kusur veya hata olmayaca\u011f\u0131na ya da kesintisiz hizmet verilece\u011fine dair garanti vermemekteyiz. S\u0130TE\u2019ye ve sitenin hizmetlerine veya herhangi bir b\u00f6l\u00fcm\u00fcne olan eri\u015fiminizi \u00f6nceden bildirmeksizin herhangi bir zamanda sonland\u0131rabiliriz.<\/span><\/li>\n<\/ul>\n<h5><b>Sorumlulu\u011fun S\u0131n\u0131rland\u0131r\u0131lmas\u0131<\/b><\/h5>\n<p><span style=\"font-weight: 400;\">S\u0130TE\u2019nin kullan\u0131m\u0131ndan do\u011fan zararlara ili\u015fkin sorumlulu\u011fumuz, kast ve a\u011f\u0131r ihmal ile s\u0131n\u0131rl\u0131d\u0131r. S\u00f6zle\u015fmenin ihlalinden do\u011fan zararlarda, talep edilebilecek toplam tazminat, \u00f6ng\u00f6r\u00fclebilir hasarlar ile s\u0131n\u0131rl\u0131d\u0131r. Yukar\u0131da bahsedilen sorumluluk s\u0131n\u0131rlamalar\u0131 ayn\u0131 zamanda insan hayat\u0131na, bedeni yaralanmaya veya bir ki\u015finin sa\u011fl\u0131\u011f\u0131na gelebilecek zararlar durumunda ge\u00e7erli de\u011fildir. Hukuken m\u00fccbir sebep say\u0131lan t\u00fcm durumlarda, gecikme, ifa etmeme veya temerr\u00fctten dolay\u0131, herhangi bir tazminat y\u00fck\u00fcml\u00fcl\u00fc\u011f\u00fcm\u00fcz do\u011fmayacakt\u0131r.<\/span><\/p>\n<p><span style=\"font-weight: 400;\">Uyu\u015fmazl\u0131k \u00c7\u00f6z\u00fcm\u00fc: \u0130\u015fbu S\u00f6zle\u015fme\u2019nin uygulanmas\u0131ndan veya yorumlanmas\u0131ndan do\u011facak her t\u00fcrl\u00fc uyu\u015fmazl\u0131\u011f\u0131n \u00e7\u00f6z\u00fcm\u00fcnde, T\u00fcrkiye Cumhuriyeti yasalar\u0131 uygulan\u0131r; Ankara Adliyesi Mahkemeleri ve \u0130cra Daireleri yetkilidir.<\/span><\/p>\n<p><b>3-\u00c7erez Politikas\u0131<\/b><\/p>\n<p><span style=\"font-weight: 400;\">Biz, Serdar Suha G\u00f6k\u00e7e Sigorta olarak g\u00fcvenli\u011finize \u00f6nem veriyor ve bu \u00c7erez Politikas\u0131 ile siz sevgili ziyaret\u00e7ilerimizi, web sitemizde hangi \u00e7erezleri, hangi ama\u00e7la kulland\u0131\u011f\u0131m\u0131z ve \u00e7erez ayarlar\u0131n\u0131z\u0131 nas\u0131l de\u011fi\u015ftirece\u011finiz konular\u0131nda k\u0131saca bilgilendirmeyi hedefliyoruz.<\/span><\/p>\n<p><span style=\"font-weight: 400;\">Sizlere daha iyi hizmet verebilmek ad\u0131na, \u00e7erezler vas\u0131tas\u0131yla, ne t\u00fcr ki\u015fisel verilerinizin hangi ama\u00e7la topland\u0131\u011f\u0131 ve nas\u0131l i\u015flendi\u011fi konular\u0131nda, k\u0131saca bilgi sahibi olmak i\u00e7in l\u00fctfen bu \u00c7erez Politikas\u0131n\u0131 okuyunuz. Daha fazla bilgi i\u00e7in Gizlilik Politikam\u0131za g\u00f6z atabilir ya da bizlerle \u00e7ekinmeden ileti\u015fime ge\u00e7ebilirsiniz.<\/span><\/p>\n<p><b>\u00c7erez Nedir?<\/b><\/p>\n<p><span style=\"font-weight: 400;\">\u00c7erezler, kullan\u0131c\u0131lar\u0131n web sitelerini daha verimli bir \u015fekilde kullanabilmeleri ad\u0131na, cihazlar\u0131na kaydedilen k\u00fc\u00e7\u00fck dosyac\u0131klard\u0131r. \u00c7erezler vas\u0131tas\u0131yla kullan\u0131c\u0131lar\u0131n bilgilerinin i\u015fleniyor olmas\u0131 sebebiyle, 6698 say\u0131l\u0131 <\/span><a href=\"https:\/\/sartlar.com\/kvkk-nedir\"><span style=\"font-weight: 400;\">Ki\u015fisel Verilerin Korunmas\u0131 Kanunu<\/span><\/a><span style=\"font-weight: 400;\"> gere\u011fince, kullan\u0131c\u0131lar\u0131n bilgilendirilmeleri ve onaylar\u0131n\u0131n al\u0131nmas\u0131 gerekmektedir.<\/span><\/p>\n<p><span style=\"font-weight: 400;\">Bizler de siz sevgili ziyaret\u00e7ilerimizin, web sitemizden en verimli \u015fekilde yararlanabilmelerini ve siz sevgili ziyaret\u00e7ilerimizin kullan\u0131c\u0131 deneyimlerinin geli\u015ftirilebilmesini sa\u011flamak ad\u0131na, \u00e7e\u015fitli \u00e7erezler kullanmaktay\u0131z.<\/span><\/p>\n<ol>\n<li><b> Zorunlu \u00c7erezler<\/b><\/li>\n<\/ol>\n<p><span style=\"font-weight: 400;\">Zorunlu \u00e7erezler, web sitesine ili\u015fkin temel i\u015flevleri etkinle\u015ftirerek web sitesinin kullan\u0131labilir hale gelmesini sa\u011flayan \u00e7erezlerdir. Web sitesi bu \u00e7erezler olmadan d\u00fczg\u00fcn \u00e7al\u0131\u015fmaz.<\/span><\/p>\n<ol start=\"2\">\n<li><b> Performans \u00c7erezleri<\/b><\/li>\n<\/ol>\n<p><span style=\"font-weight: 400;\">Performans \u00e7erezleri, ziyaret\u00e7ilerin web sitesine ili\u015fkin kullan\u0131m bilgilerini ve tercihlerini anonim olarak toplayan ve bu sayede web sitesinin performans\u0131n\u0131n geli\u015ftirilmesine olanak sa\u011flayan \u00e7erezlerdir.<\/span><\/p>\n<ol start=\"3\">\n<li><b> Fonksiyonel \u00c7erezler<\/b><\/li>\n<\/ol>\n<p><span style=\"font-weight: 400;\">Fonksiyonel \u00e7erezler, kullan\u0131c\u0131lar\u0131n web sitesine ili\u015fkin ge\u00e7mi\u015f kullan\u0131mlar\u0131ndan yola \u00e7\u0131k\u0131larak gelecekteki ziyaretlerinde tan\u0131nmalar\u0131n\u0131 ve hat\u0131rlanmalar\u0131n\u0131 sa\u011flayan ve bu sayede web sitelerinin kullan\u0131c\u0131lara dil, b\u00f6lge vb. gibi ki\u015fiselle\u015ftirilmi\u015f bir hizmet sunmas\u0131na olanak tan\u0131yan \u00e7erezlerdir.<\/span><\/p>\n<h6><b>\u00c7erezler \u0130le \u0130\u015flenen Ki\u015fisel Veriler Nelerdir?<\/b><\/h6>\n<p><span style=\"font-weight: 400;\">Kimlik (isim, soy isim, do\u011fum tarihi vb.) ve ileti\u015fim (adres, e-posta adresi, telefon, IP, konum vb.) bilgileriniz taraf\u0131m\u0131zca, \u00e7erezler (cookies) vas\u0131tas\u0131yla, otomatik veya otomatik olmayan y\u00f6ntemlerle ve bazen de analitik sa\u011flay\u0131c\u0131lar, reklam a\u011flar\u0131, arama bilgi sa\u011flay\u0131c\u0131lar\u0131, teknoloji sa\u011flay\u0131c\u0131lar\u0131 gibi \u00fc\u00e7\u00fcnc\u00fc taraflardan elde edilerek, kaydedilerek, depolanarak ve g\u00fcncellenerek, aram\u0131zdaki hizmet ve s\u00f6zle\u015fme ili\u015fkisi \u00e7er\u00e7evesinde ve s\u00fcresince, me\u015fru menfaat i\u015fleme \u015fart\u0131na dayan\u0131larak i\u015flenecektir.<\/span><\/p>\n<h6><b>\u00c7erezler Hangi Ama\u00e7la Kullan\u0131lmaktad\u0131r?<\/b><\/h6>\n<p><span style=\"font-weight: 400;\">Web sitemizde, \u015f\u00fcpheli eylemlerin tespiti yoluyla g\u00fcvenli\u011fin sa\u011flanmas\u0131, kullan\u0131c\u0131lar\u0131n tercihleri do\u011frultusunda i\u015flevsellik ve performans\u0131n art\u0131r\u0131lmas\u0131, \u00fcr\u00fcnlerin ve hizmetlerin geli\u015ftirilmesi ve ki\u015fiselle\u015ftirilmesi ile bu hizmetlere ula\u015f\u0131m\u0131n kolayla\u015ft\u0131r\u0131lmas\u0131, s\u00f6zle\u015fmesel ve hukuki sorumluluklar\u0131n yerine getirilmesi ama\u00e7l\u0131 \u00e7erezler kullanmaktad\u0131r. Ayr\u0131ca kullan\u0131c\u0131lar\u0131n daha geni\u015f kapsaml\u0131 hizmet sa\u011flay\u0131c\u0131lar ile bulu\u015fturulabilmesi amac\u0131yla reklam \u00e7erezleri ve \u00fc\u00e7\u00fcnc\u00fc taraflarla bilgi payla\u015f\u0131m\u0131 da s\u00f6z konusudur.<\/span><\/p>\n<h6><b>\u00c7erezler Nas\u0131l Y\u00f6netilmektedir?<\/b><\/h6>\n<p><span style=\"font-weight: 400;\">T\u00fcm bu a\u00e7\u0131klamalardan sonra, hangi \u00e7erezlerin kullan\u0131laca\u011f\u0131 konusu, tamamen kullan\u0131c\u0131lar\u0131m\u0131z\u0131n \u00f6zg\u00fcr iradelerine b\u0131rak\u0131lm\u0131\u015ft\u0131r. \u00c7erez tercihlerinizi, taray\u0131c\u0131n\u0131z\u0131n ayarlar\u0131ndan silerek ya da engelleyerek, web sitemize ad\u0131m att\u0131\u011f\u0131n\u0131z anda y\u00f6netebilir ya da gelecekte, istedi\u011finiz zaman bu ayarlar\u0131 de\u011fi\u015ftirebilirsiniz. Daha ayr\u0131nt\u0131l\u0131 bilgi i\u00e7in Gizlilik Politikam\u0131za g\u00f6z atabilir ya da bizlerle serdargokcesigorta@gmail.com e-mail adresi \u00fczerinden ileti\u015fime ge\u00e7ebilirsiniz.<\/span><\/p>\n<h5><b>4-KVKK Metni<\/b><\/h5>\n<p><span style=\"font-weight: 400;\">K\u0130\u015e\u0130SEL VER\u0130LER\u0130N \u0130\u015eLENMES\u0130 VE KORUNMASI POL\u0130T\u0130KASI<\/span><\/p>\n<h6><span style=\"font-weight: 400;\">AMA\u00c7 :<\/span><\/h6>\n<p><span style=\"font-weight: 400;\">Ki\u015fisel Verilerin \u0130\u015flenmesi ve Korunmas\u0131 Politika(\u201cPolitika\u201d) Serdar Suha G\u00f6k\u00e7e Sigorta Sigorta Arac\u0131l\u0131k Hizmetleri LTD.\u015eT\u0130 taraf\u0131ndan, siz veri sahiplerine kar\u015f\u0131, 6698 Say\u0131l\u0131 Ki\u015fisel Verilerin Korunmas\u0131 Kanunu (\u201cKVKK\u201d) gere\u011fince ki\u015fisel verilerin korunmas\u0131 kapsam\u0131nda \u00f6ng\u00f6r\u00fclen ayd\u0131nlatma y\u00fck\u00fcml\u00fcl\u00fc\u011f\u00fcm\u00fcz\u00fc yerine getirmek amac\u0131yla d\u00fczenlenmi\u015ftir.<\/span><\/p>\n<h6><span style=\"font-weight: 400;\">KAPSAM : <\/span><\/h6>\n<p><span style=\"font-weight: 400;\">Bu Politika, \u015eirket\u2019in, \u015eirket\u2019in toplad\u0131\u011f\u0131 ve i\u015fledi\u011fi ki\u015fisel verilere eri\u015fimi olan, \u015firkete bilgi sa\u011flayan veya \u015firketten ki\u015fisel veri alan t\u00fcm tam ve yar\u0131 zamanl\u0131 \u00e7al\u0131\u015fanlara, \u015eirket\u2019in Ba\u011fl\u0131 \u015eirket\u2019lerinin \u00e7al\u0131\u015fanlar\u0131na, ortak te\u015febb\u00fcs \u00e7al\u0131\u015fanlar\u0131na uygulan\u0131r.<\/span><\/p>\n<p><strong>Ki\u015fisel Verilerinizin Hangi Ama\u00e7la \u0130\u015flenmektedir ?<\/strong><span style=\"font-weight: 400;\"><br><\/span><span style=\"font-weight: 400;\">6698 say\u0131l\u0131 KVKK\u2019n\u0131n 4., 5. ve 6. maddeleri uyar\u0131nca ki\u015fisel verileriniz; Sunaca\u011f\u0131m\u0131z hizmet \u00e7er\u00e7evesinde sizden alaca\u011f\u0131 talimatlar ve ba\u015fvurular kapsam\u0131nda, yasal mevzuattan kaynaklanan y\u00fck\u00fcml\u00fcl\u00fckler ve s\u0131n\u0131rlar \u00e7er\u00e7evesinde, sunulan hizmetlerden faydalanabilmeniz ve sorunsuz olarak yararlanabilmeniz, s\u00f6zle\u015fme kapsam\u0131ndaki hizmetleri sunabilmek, s\u00f6zle\u015fme s\u00fcresince sat\u0131n almakta oldu\u011funuz hizmete ili\u015fkin gerekli bilgilendirmeleri yapmak, ilgili kampanyalardan sizi haberdar etmek, bilgi saklama, raporlama, bilgilendirme y\u00fck\u00fcml\u00fcl\u00fcklerine uymak amac\u0131yla ve kimlik bilgileri, ileti\u015fim bilgileri, hukuki i\u015flem ve uyum bilgileri, talep ve \u015fikayet y\u00f6netimi bilgileri, g\u00f6rsel ve i\u015fitsel veriler, m\u00fc\u015fteri verileri ve m\u00fc\u015fteri i\u015flem verileri gibi ki\u015fisel ve \u00f6zel nitelikli ki\u015fisel verilerinizi elde etme, kaydetme, saklama, g\u00fcncelleme, s\u0131n\u0131fland\u0131rma, mevzuat\u0131n izin verdi\u011fi \u00fc\u00e7\u00fcnc\u00fc ki\u015filerle payla\u015fma veya onlara devretme gibi konularda, \u201cVeri \u0130\u015fleme\u201d olarak kabul edilen i\u015flemleri KVKK \u00e7er\u00e7evesinde ve ki\u015fisel veri i\u015fleme \u015fartlar\u0131 dahilinde ger\u00e7ekle\u015ftirebilir. Bu sebeple ki\u015fisel verileriniz; s\u00f6zl\u00fc veya elektronik ortamlarda i\u015flemlerinizi tamamlayabilmeniz i\u00e7in gerekli t\u00fcm kay\u0131t ve belgelerin d\u00fczenlenebilmesi, kurumsal s\u00fcrd\u00fcr\u00fclebilirlik, kurumsal y\u00f6netim, stratejik planlama ve bilgi g\u00fcvenli\u011fi s\u00fcre\u00e7lerinin planlanabilmesi, denetlenmesi ve hayata ge\u00e7irilmesi ve idari ve hukuki y\u00fck\u00fcml\u00fcl\u00fcklerimizin gere\u011finin yerine getirilmesi gibi ama\u00e7larla i\u015flenebilir.<\/span><span style=\"font-weight: 400;\"><br><\/span><b>Ki\u015fisel Verileriniz Hangi Ama\u00e7la ve Kimlere Aktar\u0131labilecektir?<\/b><span style=\"font-weight: 400;\"><br><\/span><span style=\"font-weight: 400;\">Toplanan ki\u015fisel verileriniz; \u015eirketimiz ve \u0130\u015ftiraklerimiz taraf\u0131ndan sunulan \u00fcr\u00fcn ve hizmetlerden sizleri faydaland\u0131rmak i\u00e7in gerekli \u00e7al\u0131\u015fmalar\u0131n i\u015f birimlerimiz taraf\u0131ndan yap\u0131lmas\u0131, \u015eirketimiz, \u015firketimizin yurt i\u00e7i ve yurt d\u0131\u015f\u0131ndaki do\u011frudan veya dolayl\u0131 hissedarlar\u0131, i\u015ftirakleri, ana ortaklar\u0131 ve grup \u015firketleriyle, s\u00f6zle\u015fme imzalad\u0131\u011f\u0131 program ortaklar\u0131yla, ortak marka \u00e7al\u0131\u015fmas\u0131 yapt\u0131\u011f\u0131 \u00fc\u00e7\u00fcnc\u00fc ki\u015filerle ve hizmetlerinin sunulabilmesi i\u00e7in payla\u015f\u0131m\u0131n gerekli olabilece\u011fi ve mevzuatta izin verilen ki\u015filer, kurulu\u015flar, kamu t\u00fczel ki\u015fileri gibi ki\u015fi ve kurulu\u015flarla, yasal d\u00fczenlemelerin izin verdi\u011fi di\u011fer ki\u015fi kurum ve kurulu\u015flarla, hizmet ald\u0131\u011f\u0131 yurt i\u00e7i ve yurt d\u0131\u015f\u0131ndaki di\u011fer \u00fc\u00e7\u00fcnc\u00fc ki\u015filerle ki\u015fisel verilerin korunmas\u0131na ili\u015fkin mevzuat\u0131n \u00f6ng\u00f6rd\u00fc\u011f\u00fc esaslar kapsam\u0131nda payla\u015fabilir.<\/span><\/p>\n<p><span style=\"font-weight: 400;\">V<\/span><b>eri Sahibinin haklar\u0131 Nelerdir ?<\/b><span style=\"font-weight: 400;\"><br><\/span><span style=\"font-weight: 400;\">KVK Kanunu uyar\u0131nca, ki\u015fisel verileriniz i\u015flenmi\u015fse buna ili\u015fkin bilgi talep etme, ki\u015fisel verilerinizin i\u015flenme amac\u0131n\u0131 ve bunlar\u0131n amac\u0131na uygun kullan\u0131l\u0131p kullan\u0131lmad\u0131\u011f\u0131n\u0131 \u00f6\u011frenme, yurt i\u00e7inde veya yurt d\u0131\u015f\u0131nda ki\u015fisel verilerinizin aktar\u0131ld\u0131\u011f\u0131 \u00fc\u00e7\u00fcnc\u00fc ki\u015fileri bilme, ki\u015fisel verilerinizin eksik veya yanl\u0131\u015f i\u015flenmi\u015f olmas\u0131 h\u00e2linde bunlar\u0131n d\u00fczeltilmesini isteme, ki\u015fisel verilerinizin silinmesini veya yok edilmesini isteme, ki\u015fisel verilerinizin d\u00fczeltilmesi, silinmesi veya yok edilmesi halinde bu i\u015flemlerin ki\u015fisel verilerinizin aktar\u0131ld\u0131\u011f\u0131 \u00fc\u00e7\u00fcnc\u00fc ki\u015filere bildirilmesini isteme, i\u015flenen ki\u015fisel verilerinizin m\u00fcnhas\u0131ran otomatik sistemler vas\u0131tas\u0131yla analiz edilmesi suretiyle aleyhinizde bir sonucun ortaya \u00e7\u0131kmas\u0131na itiraz etme ve ki\u015fisel verilerinizin kanuna ayk\u0131r\u0131 olarak i\u015flenmesi sebebiyle zarara u\u011framas\u0131 h\u00e2linde zarar\u0131n giderilmesini talep etme haklar\u0131n\u0131z mevcuttur. Ki\u015fisel veri sahibi olarak sahip oldu\u011funuz ve yukar\u0131da belirtilen haklar\u0131n\u0131z\u0131 kullanmak i\u00e7in yapaca\u011f\u0131n\u0131z ve kullanmay\u0131 talep etti\u011finiz hakka ili\u015fkin a\u00e7\u0131klamalar\u0131n\u0131z\u0131 i\u00e7eren ba\u015fvuruda; talep etti\u011finiz hususun a\u00e7\u0131k ve anla\u015f\u0131l\u0131r olmas\u0131, talep etti\u011finiz konunun \u015fahs\u0131n\u0131z ile ilgili olmas\u0131 veya ba\u015fkas\u0131 ad\u0131na hareket ediyor iseniz bu konuda \u00f6zel olarak yetkili olman\u0131z ve yetkinizin belgelendirilmesi, ba\u015fvurunun kimlik ve adres bilgilerini i\u00e7ermesi ve ba\u015fvuruya kimli\u011finizi tevsik edici belgelerin eklenmesi gerekmektedir. Ki\u015fisel veri sahipleri olarak, haklar\u0131n\u0131za ili\u015fkin taleplerinizi \u015firketimize ait serdargokcesigorta@gmail.com mail adresine veya \u015firketimiz T\u0131p Fak\u00fcltesi Caddesi \u015ead\u0131rvan Sokak Merkez Camii Pasaj\u0131 \u00dcst Kat 2\/4 (39. Noter Kar\u015f\u0131s\u0131) Abisinpa\u015fa\/Ankara adresine talebin niteli\u011fine g\u00f6re talebi en k\u0131sa s\u00fcrede ve en ge\u00e7 otuz (30) g\u00fcn i\u00e7inde sonu\u00e7land\u0131r\u0131lacakt\u0131r. Ancak, i\u015flemin ayr\u0131ca bir maliyeti gerektirmesi h\u00e2linde, \u015firket taraf\u0131ndan Ki\u015fisel Verileri Koruma Kurulunca belirlenen tarifedeki \u00fccret al\u0131nacakt\u0131r.<\/span><\/p>\n<p><span style=\"font-weight: 400;\">K<\/span><b>i\u015fisel Verileriniz Ne Kadar S\u00fcre ile Saklanacakt\u0131r?<\/b><span style=\"font-weight: 400;\"><br><\/span><span style=\"font-weight: 400;\">Ki\u015fisel verileriniz i\u015fbu Ayd\u0131nlatma Metni ile size bildirilen ama\u00e7lar d\u0131\u015f\u0131nda kullan\u0131lmamak kayd\u0131yla i\u015flenecek olup, ilgili mevzuatta \u00f6ng\u00f6r\u00fclen yasal saklama s\u00fcreleri boyunca muhafaza edilir. Bu s\u00fcrelerin sonunda KVKK\u2019 n\u0131n 7. maddesi uyar\u0131nca resmen ya da talebiniz \u00fczerine Veriler silinecek, yok edilecek ya da anonim hale getirilecektir.<\/span><\/p>\t\t\t\t\t\t<\/div>\n\t\t\t\t<\/div>\n\t\t\t\t\t<\/div>\n\t\t\t\t<\/div>\n\t\t\t\t<\/div>\n\t\t","protected":false},"excerpt":{"rendered":"<p>Veri G\u00fcvenli\u011fi 1- \u015eartlar &amp; Ko\u015fullar Sevgili ziyaret\u00e7imiz, l\u00fctfen https:\/\/serdarsuhagokcesigorta.com.tr web sitemizi ziyaret etmeden \u00f6nce i\u015fbu kullan\u0131m ko\u015fullar\u0131 s\u00f6zle\u015fmesini dikkatlice okuyunuz. Siteye eri\u015fiminiz tamamen bu s\u00f6zle\u015fmeyi kabul\u00fcn\u00fcze ve bu s\u00f6zle\u015fme ile belirlenen \u015fartlara uyman\u0131za ba\u011fl\u0131d\u0131r. \u015eayet bu s\u00f6zle\u015fmede yazan herhangi bir ko\u015fulu kabul etmiyorsan\u0131z, l\u00fctfen siteye eri\u015fiminizi sonland\u0131r\u0131n\u0131z. Siteye eri\u015fiminizi s\u00fcrd\u00fcrd\u00fc\u011f\u00fcn\u00fcz takdirde, ko\u015fulsuz ve k\u0131s\u0131tlamas\u0131z [&hellip;]<\/p>\n","protected":false},"author":1,"featured_media":0,"parent":0,"menu_order":0,"comment_status":"closed","ping_status":"closed","template":"elementor_header_footer","meta":{"footnotes":""},"class_list":["post-14473","page","type-page","status-publish","hentry"],"aioseo_notices":[],"_links":{"self":[{"href":"https:\/\/serdarsuhagokcesigorta.com.tr\/index.php?rest_route=\/wp\/v2\/pages\/14473","targetHints":{"allow":["GET"]}}],"collection":[{"href":"https:\/\/serdarsuhagokcesigorta.com.tr\/index.php?rest_route=\/wp\/v2\/pages"}],"about":[{"href":"https:\/\/serdarsuhagokcesigorta.com.tr\/index.php?rest_route=\/wp\/v2\/types\/page"}],"author":[{"embeddable":true,"href":"https:\/\/serdarsuhagokcesigorta.com.tr\/index.php?rest_route=\/wp\/v2\/users\/1"}],"replies":[{"embeddable":true,"href":"https:\/\/serdarsuhagokcesigorta.com.tr\/index.php?rest_route=%2Fwp%2Fv2%2Fcomments&post=14473"}],"version-history":[{"count":13,"href":"https:\/\/serdarsuhagokcesigorta.com.tr\/index.php?rest_route=\/wp\/v2\/pages\/14473\/revisions"}],"predecessor-version":[{"id":14488,"href":"https:\/\/serdarsuhagokcesigorta.com.tr\/index.php?rest_route=\/wp\/v2\/pages\/14473\/revisions\/14488"}],"wp:attachment":[{"href":"https:\/\/serdarsuhagokcesigorta.com.tr\/index.php?rest_route=%2Fwp%2Fv2%2Fmedia&parent=14473"}],"curies":[{"name":"wp","href":"https:\/\/api.w.org\/{rel}","templated":true}]}}